{"id":9753,"date":"2025-02-18T18:54:55","date_gmt":"2025-02-18T18:54:55","guid":{"rendered":"https:\/\/thermolux.ca\/?post_type=product&#038;p=9753"},"modified":"2026-02-04T19:05:13","modified_gmt":"2026-02-04T19:05:13","slug":"gree-lomo-23-seer-25c","status":"publish","type":"product","link":"https:\/\/thermolux.ca\/en\/product\/gree-lomo-23-seer-25c","title":{"rendered":"GREE LOMO 23 SEER -25\u00b0C"},"content":{"rendered":"<p>THERMOPOMPE ET CLIMATISEUR MURAL<\/p>\n<p>La s\u00e9rie LOMO est une solution \u00e0 la fois attrayante et abordable pour vos besoins de confort, saison apr\u00e8s saison. Le mod\u00e8le pompe \u00e0 chaleur, \u00e9quip\u00e9 d&#8217;un \u00e9l\u00e9ment chauffant, procure une chaleur r\u00e9confortante m\u00eame par des temp\u00e9ratures extr\u00eamement froides jusqu&#8217;\u00e0 -25\u00b0C. Capacit\u00e9 de 9 000, 12 000, 18 000 et 24 000 BTU avec jusqu&#8217;\u00e0 23 SEER.<\/p>\n","protected":false},"excerpt":{"rendered":"<p>THERMOPOMPE ET CLIMATISEUR MURAL La s\u00e9rie LOMO est une solution \u00e0 la fois attrayante et abordable pour vos besoins de confort, saison apr\u00e8s saison. Le mod\u00e8le pompe \u00e0 chaleur, \u00e9quip\u00e9 d&#8217;un \u00e9l\u00e9ment chauffant, procure une chaleur r\u00e9confortante m\u00eame par des temp\u00e9ratures extr\u00eamement froides jusqu&#8217;\u00e0 -25\u00b0C. Capacit\u00e9 de 9 000, 12 000, 18 000 et 24 000 BTU avec jusqu&#8217;\u00e0 23 SEER.<\/p>\n","protected":false},"featured_media":5309,"comment_status":"open","ping_status":"closed","template":"","meta":[],"product_cat":[29],"product_tag":[],"tl-brand":[740],"acf":[],"yoast_head":"<!-- This site is optimized with the Yoast SEO plugin v20.13 - https:\/\/yoast.com\/wordpress\/plugins\/seo\/ -->\n<title>GREE LOMO 23 SEER -25\u00b0C - Thermolux<\/title>\n<meta name=\"robots\" content=\"index, follow, max-snippet:-1, max-image-preview:large, max-video-preview:-1\" \/>\n<link rel=\"canonical\" href=\"https:\/\/thermolux.ca\/en\/product\/gree-lomo-23-seer-25c\" \/>\n<meta property=\"og:locale\" content=\"en_US\" \/>\n<meta property=\"og:type\" content=\"article\" \/>\n<meta property=\"og:title\" content=\"GREE LOMO 23 SEER -25\u00b0C - Thermolux\" \/>\n<meta property=\"og:description\" content=\"THERMOPOMPE ET CLIMATISEUR MURAL La s\u00e9rie LOMO est une solution \u00e0 la fois attrayante et abordable pour vos besoins de confort, saison apr\u00e8s saison. Le mod\u00e8le pompe \u00e0 chaleur, \u00e9quip\u00e9 d&#039;un \u00e9l\u00e9ment chauffant, procure une chaleur r\u00e9confortante m\u00eame par des temp\u00e9ratures extr\u00eamement froides jusqu&#039;\u00e0 -25\u00b0C. Capacit\u00e9 de 9 000, 12 000, 18 000 et 24 000 BTU avec jusqu&#039;\u00e0 23 SEER.\" \/>\n<meta property=\"og:url\" content=\"https:\/\/thermolux.ca\/en\/product\/gree-lomo-23-seer-25c\" \/>\n<meta property=\"og:site_name\" content=\"Thermolux\" \/>\n<meta property=\"article:publisher\" content=\"https:\/\/www.facebook.com\/thermoluxhvac\" \/>\n<meta property=\"article:modified_time\" content=\"2026-02-04T19:05:13+00:00\" \/>\n<meta property=\"og:image\" content=\"https:\/\/thermolux.ca\/wp-content\/uploads\/2022\/01\/Gree-Lomo-23_1_11zon.png\" \/>\n\t<meta property=\"og:image:width\" content=\"1000\" \/>\n\t<meta property=\"og:image:height\" content=\"1000\" \/>\n\t<meta property=\"og:image:type\" content=\"image\/webp\" \/>\n<meta name=\"twitter:card\" content=\"summary_large_image\" \/>\n<meta name=\"twitter:label1\" content=\"Est. reading time\" \/>\n\t<meta name=\"twitter:data1\" content=\"1 minute\" \/>\n<script type=\"application\/ld+json\" class=\"yoast-schema-graph\">{\"@context\":\"https:\/\/schema.org\",\"@graph\":[{\"@type\":\"WebPage\",\"@id\":\"https:\/\/thermolux.ca\/en\/product\/gree-lomo-23-seer-25c\",\"url\":\"https:\/\/thermolux.ca\/en\/product\/gree-lomo-23-seer-25c\",\"name\":\"GREE LOMO 23 SEER -25\u00b0C - Thermolux\",\"isPartOf\":{\"@id\":\"https:\/\/thermolux.ca\/en\/#website\"},\"datePublished\":\"2025-02-18T18:54:55+00:00\",\"dateModified\":\"2026-02-04T19:05:13+00:00\",\"breadcrumb\":{\"@id\":\"https:\/\/thermolux.ca\/en\/product\/gree-lomo-23-seer-25c#breadcrumb\"},\"inLanguage\":\"en-US\",\"potentialAction\":[{\"@type\":\"ReadAction\",\"target\":[\"https:\/\/thermolux.ca\/en\/product\/gree-lomo-23-seer-25c\"]}]},{\"@type\":\"BreadcrumbList\",\"@id\":\"https:\/\/thermolux.ca\/en\/product\/gree-lomo-23-seer-25c#breadcrumb\",\"itemListElement\":[{\"@type\":\"ListItem\",\"position\":1,\"name\":\"Home\",\"item\":\"https:\/\/thermolux.ca\/en\"},{\"@type\":\"ListItem\",\"position\":2,\"name\":\"Products\",\"item\":\"https:\/\/thermolux.ca\/en\/shop\"},{\"@type\":\"ListItem\",\"position\":3,\"name\":\"GREE LOMO 23 SEER -25\u00b0C\"}]},{\"@type\":\"WebSite\",\"@id\":\"https:\/\/thermolux.ca\/en\/#website\",\"url\":\"https:\/\/thermolux.ca\/en\/\",\"name\":\"https:\/\/thermolux.ca\",\"description\":\"Thermolux second header\",\"publisher\":{\"@id\":\"https:\/\/thermolux.ca\/en\/#organization\"},\"potentialAction\":[{\"@type\":\"SearchAction\",\"target\":{\"@type\":\"EntryPoint\",\"urlTemplate\":\"https:\/\/thermolux.ca\/en\/?s={search_term_string}\"},\"query-input\":\"required name=search_term_string\"}],\"inLanguage\":\"en-US\"},{\"@type\":\"Organization\",\"@id\":\"https:\/\/thermolux.ca\/en\/#organization\",\"name\":\"THERMOLUX\",\"alternateName\":\"THERMOLUX - Wall Mounted & Central Heat Pump Experts\",\"url\":\"https:\/\/thermolux.ca\/en\/\",\"logo\":{\"@type\":\"ImageObject\",\"inLanguage\":\"en-US\",\"@id\":\"https:\/\/thermolux.ca\/en\/#\/schema\/logo\/image\/\",\"url\":\"https:\/\/thermolux.ca\/wp-content\/uploads\/2026\/03\/THERMOLUX-icon-not-transp-Copy.png\",\"contentUrl\":\"https:\/\/thermolux.ca\/wp-content\/uploads\/2026\/03\/THERMOLUX-icon-not-transp-Copy.png\",\"width\":227,\"height\":207,\"caption\":\"THERMOLUX\"},\"image\":{\"@id\":\"https:\/\/thermolux.ca\/en\/#\/schema\/logo\/image\/\"},\"sameAs\":[\"https:\/\/www.facebook.com\/thermoluxhvac\",\"https:\/\/www.instagram.com\/thermolux_inc\/\",\"https:\/\/ca.pinterest.com\/0gdg9odtj6fjogt17jrm1xkvfsifle\/\",\"https:\/\/www.yellowpages.ca\/bus\/Quebec\/Saint-Laurent\/Thermolux\/102690670.html\"]}]}<\/script>\n<!-- \/ Yoast SEO plugin. -->","yoast_head_json":{"title":"GREE LOMO 23 SEER -25\u00b0C - Thermolux","robots":{"index":"index","follow":"follow","max-snippet":"max-snippet:-1","max-image-preview":"max-image-preview:large","max-video-preview":"max-video-preview:-1"},"canonical":"https:\/\/thermolux.ca\/en\/product\/gree-lomo-23-seer-25c","og_locale":"en_US","og_type":"article","og_title":"GREE LOMO 23 SEER -25\u00b0C - Thermolux","og_description":"THERMOPOMPE ET CLIMATISEUR MURAL La s\u00e9rie LOMO est une solution \u00e0 la fois attrayante et abordable pour vos besoins de confort, saison apr\u00e8s saison. Le mod\u00e8le pompe \u00e0 chaleur, \u00e9quip\u00e9 d'un \u00e9l\u00e9ment chauffant, procure une chaleur r\u00e9confortante m\u00eame par des temp\u00e9ratures extr\u00eamement froides jusqu'\u00e0 -25\u00b0C. Capacit\u00e9 de 9 000, 12 000, 18 000 et 24 000 BTU avec jusqu'\u00e0 23 SEER.","og_url":"https:\/\/thermolux.ca\/en\/product\/gree-lomo-23-seer-25c","og_site_name":"Thermolux","article_publisher":"https:\/\/www.facebook.com\/thermoluxhvac","article_modified_time":"2026-02-04T19:05:13+00:00","og_image":[{"width":1000,"height":1000,"url":"https:\/\/thermolux.ca\/wp-content\/uploads\/2022\/01\/Gree-Lomo-23_1_11zon.png","type":"image\/webp"}],"twitter_card":"summary_large_image","twitter_misc":{"Est. reading time":"1 minute"},"schema":{"@context":"https:\/\/schema.org","@graph":[{"@type":"WebPage","@id":"https:\/\/thermolux.ca\/en\/product\/gree-lomo-23-seer-25c","url":"https:\/\/thermolux.ca\/en\/product\/gree-lomo-23-seer-25c","name":"GREE LOMO 23 SEER -25\u00b0C - Thermolux","isPartOf":{"@id":"https:\/\/thermolux.ca\/en\/#website"},"datePublished":"2025-02-18T18:54:55+00:00","dateModified":"2026-02-04T19:05:13+00:00","breadcrumb":{"@id":"https:\/\/thermolux.ca\/en\/product\/gree-lomo-23-seer-25c#breadcrumb"},"inLanguage":"en-US","potentialAction":[{"@type":"ReadAction","target":["https:\/\/thermolux.ca\/en\/product\/gree-lomo-23-seer-25c"]}]},{"@type":"BreadcrumbList","@id":"https:\/\/thermolux.ca\/en\/product\/gree-lomo-23-seer-25c#breadcrumb","itemListElement":[{"@type":"ListItem","position":1,"name":"Home","item":"https:\/\/thermolux.ca\/en"},{"@type":"ListItem","position":2,"name":"Products","item":"https:\/\/thermolux.ca\/en\/shop"},{"@type":"ListItem","position":3,"name":"GREE LOMO 23 SEER -25\u00b0C"}]},{"@type":"WebSite","@id":"https:\/\/thermolux.ca\/en\/#website","url":"https:\/\/thermolux.ca\/en\/","name":"https:\/\/thermolux.ca","description":"Thermolux second header","publisher":{"@id":"https:\/\/thermolux.ca\/en\/#organization"},"potentialAction":[{"@type":"SearchAction","target":{"@type":"EntryPoint","urlTemplate":"https:\/\/thermolux.ca\/en\/?s={search_term_string}"},"query-input":"required name=search_term_string"}],"inLanguage":"en-US"},{"@type":"Organization","@id":"https:\/\/thermolux.ca\/en\/#organization","name":"THERMOLUX","alternateName":"THERMOLUX - Wall Mounted & Central Heat Pump Experts","url":"https:\/\/thermolux.ca\/en\/","logo":{"@type":"ImageObject","inLanguage":"en-US","@id":"https:\/\/thermolux.ca\/en\/#\/schema\/logo\/image\/","url":"https:\/\/thermolux.ca\/wp-content\/uploads\/2026\/03\/THERMOLUX-icon-not-transp-Copy.png","contentUrl":"https:\/\/thermolux.ca\/wp-content\/uploads\/2026\/03\/THERMOLUX-icon-not-transp-Copy.png","width":227,"height":207,"caption":"THERMOLUX"},"image":{"@id":"https:\/\/thermolux.ca\/en\/#\/schema\/logo\/image\/"},"sameAs":["https:\/\/www.facebook.com\/thermoluxhvac","https:\/\/www.instagram.com\/thermolux_inc\/","https:\/\/ca.pinterest.com\/0gdg9odtj6fjogt17jrm1xkvfsifle\/","https:\/\/www.yellowpages.ca\/bus\/Quebec\/Saint-Laurent\/Thermolux\/102690670.html"]}]}},"_links":{"self":[{"href":"https:\/\/thermolux.ca\/en\/wp-json\/wp\/v2\/product\/9753"}],"collection":[{"href":"https:\/\/thermolux.ca\/en\/wp-json\/wp\/v2\/product"}],"about":[{"href":"https:\/\/thermolux.ca\/en\/wp-json\/wp\/v2\/types\/product"}],"replies":[{"embeddable":true,"href":"https:\/\/thermolux.ca\/en\/wp-json\/wp\/v2\/comments?post=9753"}],"wp:featuredmedia":[{"embeddable":true,"href":"https:\/\/thermolux.ca\/en\/wp-json\/wp\/v2\/media\/5309"}],"wp:attachment":[{"href":"https:\/\/thermolux.ca\/en\/wp-json\/wp\/v2\/media?parent=9753"}],"wp:term":[{"taxonomy":"product_cat","embeddable":true,"href":"https:\/\/thermolux.ca\/en\/wp-json\/wp\/v2\/product_cat?post=9753"},{"taxonomy":"product_tag","embeddable":true,"href":"https:\/\/thermolux.ca\/en\/wp-json\/wp\/v2\/product_tag?post=9753"},{"taxonomy":"tl-brand","embeddable":true,"href":"https:\/\/thermolux.ca\/en\/wp-json\/wp\/v2\/tl-brand?post=9753"}],"curies":[{"name":"wp","href":"https:\/\/api.w.org\/{rel}","templated":true}]}}